{"id":748,"date":"2015-03-01T21:36:31","date_gmt":"2015-03-01T20:36:31","guid":{"rendered":"http:\/\/rudolf.net.pl\/kat\/?page_id=748"},"modified":"2015-03-01T21:36:31","modified_gmt":"2015-03-01T20:36:31","slug":"licencja-krok-po-kroku","status":"publish","type":"page","link":"https:\/\/rudolf.net.pl\/kat\/?page_id=748","title":{"rendered":"Licencja krok po kroku"},"content":{"rendered":"<p>Kilka(na\u015bcie) miesi\u0119cy temu podj\u0105\u0142em decyzj\u0119, \u017ce chc\u0119 uzyska\u0107 licencj\u0119 kr\u00f3tkofalarsk\u0105. Przeszuka\u0142em zasoby internetu i znalaz\u0142em wiele warto\u015bciowych informacji niestety \u017cadna z nich nie wyczerpywa\u0142a tematu i nie obja\u015bnia\u0142a jakie czynno\u015bci i w jakiej kolejno\u015bci nale\u017cy wykona\u0107. W tym czasie nieoceniona okaza\u0142a si\u0119 pomoc aktywnych kr\u00f3tkofalowc\u00f3w, znajomych oraz klubowicz\u00f3w SP9KAT. Dzi\u0119ki nim dzisiaj jestem ju\u017c na ko\u0144cu tej drogi, czy te\u017c mo\u017ce na pocz\u0105tku przygody kr\u00f3tkofalarskiej i \u017ceby zaoszcz\u0119dzi\u0107 wszystkim, kt\u00f3rzy do tej samej drogi si\u0119 szykuj\u0105 niepotrzebnych w\u0105tpliwo\u015bci i rozterek postanowi\u0142em napisa\u0107 kr\u00f3tki poradnik krok-po-kroku.<\/p>\n<h2>Krok 1 &#8211; Jakie \u015bwiadectwo<\/h2>\n<p>Na ten temat nie ma si\u0119 co zbytnio rozpisywa\u0107 &#8211; aktualnie r\u00f3\u017cnica mi\u0119dzy egzaminem na \u015bwiadectwo klasy A i klasy C jest niewielka, za to r\u00f3\u017cnice w uprawnieniach ogromne dlatego je\u015bli nie ma innych przeciwwskaza\u0144 (takich jak ograniczenia wiekowe czy finansowe) sugeruj\u0119 od razu zdawa\u0107 egzamin na klas\u0119 A.<\/p>\n<p>Do nadawania w pasmach amatorskich nie uprawnia \u015awiadectwo a Pozwolenie Radiowe. Aby je uzyska\u0107 nale\u017cy przedstawi\u0107 we w\u0142a\u015bciwej delegaturze UKE \u015awiadectwo Operatora. \u015awiadectwo mo\u017cna uzyska\u0107 zdaj\u0105c egzamin, wi\u0119c od tego zaczynamy.<\/p>\n<h2>Krok 2 &#8211; Przed egzaminem &#8211; formalno\u015bci<\/h2>\n<p>Aktualne informacje na temat metody przeprowadzania egzamin\u00f3w znajduj\u0105 si\u0119 <a href=\"http:\/\/www.uke.gov.pl\/swiadectwa-w-sluzbie-radiokomunikacyjnej-amatorskiej-4390\">na stronie UKE<\/a>. Je\u015bli przewiniemy stron\u0119 w d\u00f3\u0142 znajdziemy tam r\u00f3wnie\u017c obowi\u0105zuj\u0105ce wzory wniosk\u00f3w oraz terminarz egzamin\u00f3w. W terminarzu odnajdujemy termin i miejsce egzaminu do kt\u00f3rego b\u0119dziemy chcieli przyst\u0105pi\u0107, trzeba jednak pami\u0119ta\u0107 \u017ce aby przyst\u0105pi\u0107 do egzaminu nale\u017cy przynajmniej 14 dni wcze\u015bniej z\u0142o\u017cy\u0107 odpowiedni wniosek , wi\u0119c nie mo\u017ce to by\u0107 termin zbyt bliski&#8230; Dobrze by by\u0142o r\u00f3wnie\u017c do egzaminu si\u0119 przygotowa\u0107. W tym samym miejscu odnajdujemy formularz do wype\u0142nienia &#8211; drukujemy i wype\u0142niamy. W formularzu znajdziemy kolejne informacje, czyli wysoko\u015b\u0107 op\u0142at. Op\u0142ata za egzamin wynosi 50 z\u0142 oraz op\u0142ata za wydanie \u015bwiadectwa 25 z\u0142, czyli razem 75 z\u0142. Przelewamy t\u0119 kwot\u0119 na konto UKE:<\/p>\n<p>Urz\u0105d Komunikacji Elektronicznej<br \/>\nul. Kasprzaka 18\/20 01-211 Warszawa<br \/>\nNBP O\/O Warszawa<br \/>\n75 1010 1010 0060 4422 3100 0000<\/p>\n<p>Obowi\u0105zkowo nale\u017cy poda\u0107 tytu\u0142 wp\u0142aty: <b>za egzamin i wydanie \u015bwiadectwa\u00a0w SRA<\/b><\/p>\n<p>Wype\u0142niony (i podpisany!!!!) wniosek pakujemy w kopert\u0119 wraz z kopi\u0105 potwierdzenia przelewu i wysy\u0142amy listem poleconym na adres podany we wniosku.<\/p>\n<p>Prezes<br \/>\nUrz\u0119du Komunikacji Elektronicznej<br \/>\nSekretariat Komisji Egzaminacyjnej<br \/>\nds. Operator\u00f3w Urz\u0105dze\u0144 Radiowych<br \/>\nw S\u0142u\u017cbie Radiokomunikacyjnej Amatorskiej<br \/>\nul. Kasprzaka 18\/20<br \/>\n01-211 Warszawa<\/p>\n<p>Na koniec wspomn\u0119 o po\u017cytecznej us\u0142udze jak\u0105 ostatnio oferuje nam Poczta Polska &#8211; potwierdzenie dor\u0119czenia przesy\u0142ki przez SMS. Wysy\u0142aj\u0105c list polecony zaznaczamy ptaszek w odpowiednim okienku, podajemy sw\u00f3j numer telefonu i za drobn\u0105 dodatkow\u0105 op\u0142at\u0105 po dor\u0119czeniu naszego listu otrzymamy SMS z potwierdzeniem. Jest to o tyle istotne, \u017ce UKE w \u017caden spos\u00f3b nie potwierdza otrzymania naszego wniosku i na egzamin jedziemy nie maj\u0105c pewno\u015bci czy nasze nazwisko znalaz\u0142o si\u0119 na li\u015bcie&#8230; Pierwsze formalno\u015bci za nami wi\u0119c czas przygotowa\u0107 si\u0119 do egzaminu.<\/p>\n<h2>Krok 3 &#8211; Przygotowanie do egzaminu<\/h2>\n<p>Sam egzamin nie jest trudny dla os\u00f3b, kt\u00f3re mia\u0142y jak\u0105kolwiek styczno\u015b\u0107 z radiokomunikacj\u0105, posiadaj\u0105 minimalne wiadomo\u015bci z zakresu elektroniki (prawo Ohma) i umiej\u0119tno\u015b\u0107 logicznego my\u015blenia. Oczywi\u015bcie mo\u017cna r\u00f3wnie\u017c do egzaminu podej\u015b\u0107 metod\u0105 3Z (Zak\u0142u\u0107, Zda\u0107, Zapomnie\u0107)&#8230; Wszystkie potrzebne materia\u0142y odnajdziemy na stronie z kt\u00f3rej pobierali\u015bmy wniosek &#8211; s\u0105 tam wszystkie pytania egzaminacyjne wraz z odpowiedziami. Bardzo pomocny jest r\u00f3wnie\u017c <a href=\"http:\/\/www.pzk.info.pl\/infusions\/test_examination\/examination.php\">wirtualny egzamin<\/a>, kt\u00f3ry mo\u017cemy znale\u017a\u0107 na stronie <a href=\"http:\/\/www.pzk.info.pl\">pzk.info.pl<\/a>. Zwolennikom metody 3Z rozwi\u0105zywanie 20 test\u00f3w dziennie przez 2 tygodnie powinno spokojnie wystarczy\u0107 do zaliczenia egzaminu pozytywnie. Mniej ambitnym podpowiadam, \u017ce wyniki s\u0105 tylko pozytywny-negatywny, wi\u0119c wystarczy zda\u0107 z minimaln\u0105 ilo\u015bci\u0105 punkt\u00f3w :).<\/p>\n<h2>Krok 4 &#8211; Egzamin<\/h2>\n<p>Tutaj zn\u00f3w niewiele mo\u017cna napisa\u0107 &#8211; przychodzimy na egzamin, zdajemy, wracamy do domu \ud83d\ude42<\/p>\n<h2>Krok 5 &#8211; Najtrudniejszy &#8211; Oczekiwanie na \u015bwiadectwo<\/h2>\n<p>Zgodnie z KPA urz\u0105d powinien za\u0142atwi\u0107 nasz\u0105 spraw\u0119 mo\u017cliwie jak-najszybciej, a w najgorszym przypadku w 30 dni. Cz\u0119\u015b\u0107 pierwsza tego przepisu jest cz\u0119sto pomijana i urz\u0119dy zas\u0142aniaj\u0105 si\u0119 sztywnym terminem 30-dniowym, a UKE na swojej stronie informuje, \u017ce wydanie \u015bwiadectwa mo\u017ce trwa\u0107 4-5 tygodni, po czym zostanie ono przes\u0142ane poczt\u0105 na adres podany we wniosku&#8230; Trudny to czas poniewa\u017c niby egzamin mamy zdany ale jeszcze nie mo\u017cemy dotyka\u0107 mikrofonu, bo brakuje nam papierka&#8230; C\u00f3\u017c &#8211; jak to powiedzia\u0142 jeden z naszych klubowicz\u00f3w &#8211; kr\u00f3tkofalarstwo uczy cierpliwo\u015bci. Na swojej stronie UKE informuje, \u017ce n\u0119kanie ich pracownik\u00f3w jest bezcelowe i w \u017cadnym stopniu nie przyspieszy wydania \u015bwiadectwa. Mnie osobi\u015bcie n\u0119kanie samego terminu wydania nie skr\u00f3ci\u0142o, ale uda\u0142o mi si\u0119 uzyska\u0107 zapewnienie, \u017ce jak tylko moje \u015bwiadectwo b\u0119dzie gotowe zostanie zeskanowane i przes\u0142ane do mnie poczt\u0105. Jak si\u0119 p\u00f3\u017aniej okaza\u0142o zaoszcz\u0119dzi\u0142o mi to oko\u0142o 3 tygodni dodatkowego czekania, poniewa\u017c do wniosku o wydanie pozwolenia trzeba tylko wpisa\u0107 numer \u015bwiadectwa a samym drukiem nie trzeba si\u0119 nigdzie identyfikowa\u0107. W chwili gdy otrzyma\u0142em \u015bwiadectwo poczt\u0105 mia\u0142em ju\u017c od 2 tygodni wydane pozwolenie radiowe &#8211; gdybym nie zna\u0142 wcze\u015bniej numeru dopiero wnioskowa\u0142bym o pozwolenie. Czas QRT, kt\u00f3ry funduje nam urz\u0105d sugeruj\u0119 przeznaczy\u0107 na wymy\u015blenie sobie znaku&#8230;<\/p>\n<h2>Krok 6 &#8211; Propozycja znaku<\/h2>\n<p>Zgodnie z obowi\u0105zuj\u0105cymi przepisami mamy mo\u017cliwo\u015b\u0107 zaproponowania znaku, kt\u00f3ry przydzieli nam urz\u0105d i je\u015bli zaproponowany znak nie jest zaj\u0119ty urz\u0105d ma obowi\u0105zek nam go przydzieli\u0107. Ja niestety ten krok pomin\u0105\u0142em i musia\u0142em sobie wymy\u015bli\u0107 znak w 2 minuty dlatego sugeruj\u0119 \u017ceby si\u0119 nad tym zastanowi\u0107 wcze\u015bniej&#8230; List\u0119 przydzielonych znak\u00f3w znajdziemy&#8230; gdzie?? Oczywi\u015bcie &#8211; na odpowiedniej <a href=\"http:\/\/uke.gov.pl\/pozwolenia-radiowe-oraz-decyzje-zmieniajace-pozwolenia-radiowe-w-sluzbie-radiokomunikacyjnej-amatorskiej-8753\">podstronie witryny UKE<\/a>. Zasady tworzenia znak\u00f3w s\u0105 do\u015b\u0107 niejasne i mo\u017cna na internecie znale\u017a\u0107 wiele materia\u0142\u00f3w na temat przyczyny tego stanu rzeczy, wi\u0119c postaram si\u0119 temat upro\u015bci\u0107&#8230; ITU (jak wiemy mi\u0119dzynarodowa organizacja odpowiedzialna mi\u0119dzy innymi za rozdzia\u0142 prefiks\u00f3w) przydzieli\u0142a Polsce prefiksy 3Z, SN, SO, SP, SQ, SR, HF, wi\u0119c nic nie stoi na przeszkodzie \u017ceby wnioskowa\u0107 np o znak HF0A, nie mniej Prezes UKE przyj\u0105\u0142 troch\u0119 bardziej zasadnicze stanowisko dlatego \u017ceby nie utrudnia\u0107 sobie drogi zdobycia znaku sugeruj\u0119 do niego si\u0119 zastosowa\u0107. Znak wywo\u0142awczy stacji indywidualnej powinien sk\u0142ada\u0107 si\u0119 z prefiksu SP lub SQ, cyfry oznaczaj\u0105cej okr\u0119g oraz 1-3 literowego sufiksu i powinien by\u0107 unikalny w ca\u0142o\u015bci, czyli prawid\u0142owe jest przyznanie znak\u00f3w sp1abc i sp2abc r\u00f3\u017cnym radiostacjom (co do niedawna by\u0142o nieprawid\u0142owe poniewa\u017c sam sufiks mia\u0142 by\u0107 unikalny). Przy doborze znaku najlepiej kierowa\u0107 si\u0119 \u0142atwo\u015bci\u0105 literowania znaku (po Polsku i Angielsku) oraz jego d\u0142ugo\u015bci\u0105 podczas literowania. Operatorzy planuj\u0105cy prac\u0119 w telegrafii powinni r\u00f3wnie\u017c zwr\u00f3ci\u0107 uwag\u0119 na melodyjno\u015b\u0107 (rytmik\u0119) znaku, kt\u00f3ra w tym przypadku jest istotniejsza nawet od jego d\u0142ugo\u015bci. Osobom, kt\u00f3re nie do ko\u0144ca wiedz\u0105 o czym m\u00f3wi\u0119 proponuj\u0119 pos\u0142ucha\u0107 jak brzmi prefiks DL1 lub OK1, zlepek SK lub litery WY w ciagu i por\u00f3wnanie go np z SQ9&#8230;<\/p>\n<p>W tym czasie sugeruj\u0119 r\u00f3wnie\u017c przygotowanie wszystkich dokument\u00f3w potrzebnych do wnioskowania o pozwolenie radiowe, dzi\u0119ki czemu po otrzymaniu numeru \u015bwiadectwa b\u0119dziemy mogli praktycznie natychmiast go wys\u0142a\u0107.<\/p>\n<h2>Krok 7 &#8211; Wniosek o wydanie pozwolenia<\/h2>\n<p>Nasze m\u0119ki dobieg\u0142y ko\u0144ca&#8230; a przynajmniej te pierwsze&#8230; Mamy ju\u017c numer \u015bwiadectwa, wi\u0119c nasuwa si\u0119 pytanie co dalej&#8230; Dalej musimy wyst\u0105pi\u0107 o najwa\u017cniejszy dla nas dokument czyli Pozwolenie Radiowe. Tutaj zn\u00f3w z pomoc\u0105 przychodzi nam <a href=\"http:\/\/www.uke.gov.pl\/pozwolenie-radiowe-sluzba-amatorska-4266\">witryna UKE<\/a>. Po przeczytaniu kilkuset (prawdopodobnie niepotrzebnych nam) linijek dowiemy si\u0119 kt\u00f3ry formularz musimy wype\u0142ni\u0107 (r\u00f3\u017cne w zale\u017cno\u015bci od klasy licencji) i jakie op\u0142aty wnie\u015b\u0107. Przyk\u0142adowo dla najpopularniejszego pozwolenia, czyli klasy 1 wype\u0142niamy formularz RA-I_W1 i przelewamy <b>82 z\u0142ote na konto<b>:<\/b><br \/>\n<\/b><\/p>\n<p>Urz\u0105d Miasta Sto\u0142ecznego Warszawy Dzielnicy Wola<br \/>\nBank Handlowy w Warszawie S.A.<br \/>\n54 1030 1508 0000 0005 5003 6045<\/p>\n<p>W formularzu podajemy propozycje znak\u00f3w, informacje na temat naszego miejsca zamieszkania oraz lokalizacji radiostacji &#8211; je\u015bli te si\u0119 r\u00f3\u017cni\u0105 dobrze jest r\u00f3wnie\u017c do\u0142\u0105czy\u0107 odr\u0119czne o\u015bwiadczenie \u017ce jeste\u015bmy w\u0142a\u015bcicielem obiektu w kt\u00f3rym b\u0119dzie zlokalizowana radiostacja lub zgod\u0119 w\u0142a\u015bciciela. Prawd\u0119 m\u00f3wi\u0105c nie znalaz\u0142em w przepisach \u017cadnej wzmianki na ten temat, ale Pani, kt\u00f3ra uzgadnia\u0142a ze mn\u0105 znak poprosi\u0142a mnie o przes\u0142anie takiej informacji cho\u0107by nawet mailem. Formularz wraz z potwierdzeniem przelewu pakujemy w kopert\u0119 i wysy\u0142amy &#8211; tym razem nie do Warszawy a do w\u0142a\u015bciwej pod wzgl\u0119dem miejsca zamieszkania delegatury UKE. Tutaj r\u00f3wnie\u017c sugeruj\u0119 po\u015bwi\u0119cenie kilku dodatkowych z\u0142otych i dokupienie us\u0142ugi potwierdzenia przesy\u0142ki przez SMS dzi\u0119ki czemu b\u0119dziemy wiedzieli kiedy mo\u017cemy zacz\u0105\u0107 n\u0119kanie delegatury.<\/p>\n<h2>Krok 8 &#8211; Oczekiwanie na pozwolenie<\/h2>\n<p>Po oczekiwaniu zafundowanym nam przez UKE po egzaminie ten okres nie jest ju\u017c taki trudny, tym bardziej, \u017ce w delegaturze nasza sprawa za\u0142atwiana jest du\u017co szybciej ni\u017c w Warszawie &#8211; znam nawet kilka os\u00f3b, kt\u00f3rym uda\u0142o si\u0119 pozwolenie za\u0142atwi\u0107 w delegaturze 'od r\u0119ki&#8217; w kilka godzin. Ja, dzi\u0119ki potwierdzeniu SMS wiedzia\u0142em kiedy przesy\u0142ka dotar\u0142a na miejsce wi\u0119c po 2 dniach rozpocz\u0105\u0142em n\u0119kanie &#8211; na pocz\u0105tek mailowo. Po pierwszym mailu praktycznie natychmiast otrzyma\u0142em odpowied\u017a, \u017ce Pani zajmuj\u0105ca si\u0119 wydawaniem pozwole\u0144 skontaktuje si\u0119 ze mn\u0105 mo\u017cliwie jak-najszybciej. By\u0142em mi\u0142o zaskoczony kiedy mo\u017cliwie jak-najszybciej okaza\u0142o si\u0119 nast\u0119pnego dnia rano. W formularzu dost\u0119pnym na stronie UKE nie by\u0142o miejsca na podanie propozycji znaku wi\u0119c musia\u0142em sobie znak wymy\u015bli\u0107 w trakcie rozmowy i ju\u017c po kilku minutach Pani potwierdzi\u0142a mi, \u017ce nast\u0119pnego dnia wysy\u0142a do mnie pozwolenie. Pozwolenie dotar\u0142o po 3 dniach.<\/p>\n<p>Ca\u0142a procedura w moim przypadku trwa\u0142a kilka miesi\u0119cy wraz z czasem oczekiwania na egzamin. Decyzja zapad\u0142a ko\u0144cem sierpnia, egzamin zda\u0142em 18 pa\u017adziernika a pozwolenie radiowe zosta\u0142o wydane 24 listopada. Wszystkim, kt\u00f3rzy r\u00f3wnie\u017c planuj\u0105 j\u0105 przeby\u0107 \u017cycz\u0119 du\u017co cierpliwo\u015bci \ud83d\ude42<\/p>\n","protected":false},"excerpt":{"rendered":"<p>Kilka(na\u015bcie) miesi\u0119cy temu podj\u0105\u0142em decyzj\u0119, \u017ce chc\u0119 uzyska\u0107 licencj\u0119 kr\u00f3tkofalarsk\u0105. Przeszuka\u0142em zasoby internetu i znalaz\u0142em wiele warto\u015bciowych informacji niestety \u017cadna z nich nie wyczerpywa\u0142a tematu i nie obja\u015bnia\u0142a jakie czynno\u015bci i w jakiej kolejno\u015bci nale\u017cy wykona\u0107. W tym czasie nieoceniona &hellip; <a href=\"https:\/\/rudolf.net.pl\/kat\/?page_id=748\">Czytaj dalej <span class=\"meta-nav\">&rarr;<\/span><\/a><\/p>\n","protected":false},"author":2,"featured_media":0,"parent":0,"menu_order":0,"comment_status":"open","ping_status":"open","template":"","meta":{"ngg_post_thumbnail":0,"_mc_calendar":[],"footnotes":""},"class_list":["post-748","page","type-page","status-publish","hentry"],"_links":{"self":[{"href":"https:\/\/rudolf.net.pl\/kat\/index.php?rest_route=\/wp\/v2\/pages\/748","targetHints":{"allow":["GET"]}}],"collection":[{"href":"https:\/\/rudolf.net.pl\/kat\/index.php?rest_route=\/wp\/v2\/pages"}],"about":[{"href":"https:\/\/rudolf.net.pl\/kat\/index.php?rest_route=\/wp\/v2\/types\/page"}],"author":[{"embeddable":true,"href":"https:\/\/rudolf.net.pl\/kat\/index.php?rest_route=\/wp\/v2\/users\/2"}],"replies":[{"embeddable":true,"href":"https:\/\/rudolf.net.pl\/kat\/index.php?rest_route=%2Fwp%2Fv2%2Fcomments&post=748"}],"version-history":[{"count":8,"href":"https:\/\/rudolf.net.pl\/kat\/index.php?rest_route=\/wp\/v2\/pages\/748\/revisions"}],"predecessor-version":[{"id":783,"href":"https:\/\/rudolf.net.pl\/kat\/index.php?rest_route=\/wp\/v2\/pages\/748\/revisions\/783"}],"wp:attachment":[{"href":"https:\/\/rudolf.net.pl\/kat\/index.php?rest_route=%2Fwp%2Fv2%2Fmedia&parent=748"}],"curies":[{"name":"wp","href":"https:\/\/api.w.org\/{rel}","templated":true}]}}