{"id":743,"date":"2015-03-01T14:53:10","date_gmt":"2015-03-01T13:53:10","guid":{"rendered":"http:\/\/rudolf.net.pl\/kat\/?page_id=743"},"modified":"2015-03-01T14:58:31","modified_gmt":"2015-03-01T13:58:31","slug":"gielda-qrz","status":"publish","type":"page","link":"https:\/\/rudolf.net.pl\/kat\/?page_id=743","title":{"rendered":"Gie\u0142da QRZ"},"content":{"rendered":"<p>Ta podstrona prezentuje najnowsze og\u0142oszenia na gie\u0142dzie QRZ.<\/p>\n<div class=\"wpra-display align\" data-display-id=\"0\" hx-target=\"this\" hx-swap=\"outerHTML\">    <div class=\"wp-rss-aggregator wpra-list-template \">\n        <ul class=\"rss-aggregator wpra-item-list wpra-item-list--bullets wpra-item-list--default\" start=\"1\">\n            <p>No feed items found.<\/p>\n        <\/ul>\n    <\/div> <\/div>\n","protected":false},"excerpt":{"rendered":"<p>Ta podstrona prezentuje najnowsze og\u0142oszenia na gie\u0142dzie QRZ.<\/p>\n","protected":false},"author":2,"featured_media":0,"parent":0,"menu_order":0,"comment_status":"open","ping_status":"open","template":"","meta":{"ngg_post_thumbnail":0,"_mc_calendar":[],"footnotes":""},"class_list":["post-743","page","type-page","status-publish","hentry"],"_links":{"self":[{"href":"https:\/\/rudolf.net.pl\/kat\/index.php?rest_route=\/wp\/v2\/pages\/743","targetHints":{"allow":["GET"]}}],"collection":[{"href":"https:\/\/rudolf.net.pl\/kat\/index.php?rest_route=\/wp\/v2\/pages"}],"about":[{"href":"https:\/\/rudolf.net.pl\/kat\/index.php?rest_route=\/wp\/v2\/types\/page"}],"author":[{"embeddable":true,"href":"https:\/\/rudolf.net.pl\/kat\/index.php?rest_route=\/wp\/v2\/users\/2"}],"replies":[{"embeddable":true,"href":"https:\/\/rudolf.net.pl\/kat\/index.php?rest_route=%2Fwp%2Fv2%2Fcomments&post=743"}],"version-history":[{"count":2,"href":"https:\/\/rudolf.net.pl\/kat\/index.php?rest_route=\/wp\/v2\/pages\/743\/revisions"}],"predecessor-version":[{"id":746,"href":"https:\/\/rudolf.net.pl\/kat\/index.php?rest_route=\/wp\/v2\/pages\/743\/revisions\/746"}],"wp:attachment":[{"href":"https:\/\/rudolf.net.pl\/kat\/index.php?rest_route=%2Fwp%2Fv2%2Fmedia&parent=743"}],"curies":[{"name":"wp","href":"https:\/\/api.w.org\/{rel}","templated":true}]}}