{"id":509,"date":"2015-03-01T12:19:16","date_gmt":"2015-03-01T11:19:16","guid":{"rendered":"http:\/\/rudolf.net.pl\/kat\/?page_id=509"},"modified":"2015-05-26T21:09:29","modified_gmt":"2015-05-26T19:09:29","slug":"jak-trafic","status":"publish","type":"page","link":"https:\/\/rudolf.net.pl\/kat\/?page_id=509","title":{"rendered":"Jak trafi\u0107?"},"content":{"rendered":"<p>Spotkania klubowe odbywaj\u0105 si\u0119 systematycznie\u00a0co drugi\u00a0czwartek. Szczeg\u00f3\u0142owe informacje o terminach spotka\u0144 w zak\u0142adce &#8222;kalendarz&#8221; oraz godzinach otwarcia klubu pojawiaj\u0105 si\u0119 regularnie na stronie g\u0142\u00f3wnej w oknie mini-chat-u.<\/p>\n<p>Adres:<br \/>\n43-300 Bielsko-Bia\u0142a<br \/>\nul. Adama Asnyka 30<\/p>\n<p>Siedziba klubu znajduje si\u0119 na terenie Gimnazjum nr 16 obok Starostwa Powiatowego. Ko\u0142o gimnazjum nale\u017cy kierowa\u0107 si\u0119 na ty\u0142y gimnazjum i Ko\u0142o budynku Mieszka I 4 nale\u017cy wjecha\u0107 w bram\u0119 prowadz\u0105c\u0105 na parking.<\/p>\n<p><iframe loading=\"lazy\" style=\"border: 1px solid black;\" src=\"http:\/\/www.openstreetmap.org\/export\/embed.html?bbox=19.02628719806671%2C49.826560344430014%2C19.032912254333496%2C49.82904845551141&amp;layer=mapnik&amp;marker=49.82780268571056%2C19.02960240840912\" width=\"425\" height=\"350\" frameborder=\"0\" marginwidth=\"0\" marginheight=\"0\" scrolling=\"no\"><\/iframe><br \/>\n<small><a href=\"http:\/\/www.openstreetmap.org\/?mlat=49.82780&amp;mlon=19.02960#map=18\/49.82780\/19.02960\">Wi\u0119kszy widok mapy<\/a><\/small><\/p>\n<p><em><strong>Klubowe QRG: 145.250MHz<\/strong><\/em><\/p>\n","protected":false},"excerpt":{"rendered":"<p>Spotkania klubowe odbywaj\u0105 si\u0119 systematycznie\u00a0co drugi\u00a0czwartek. Szczeg\u00f3\u0142owe informacje o terminach spotka\u0144 w zak\u0142adce &#8222;kalendarz&#8221; oraz godzinach otwarcia klubu pojawiaj\u0105 si\u0119 regularnie na stronie g\u0142\u00f3wnej w oknie mini-chat-u. Adres: 43-300 Bielsko-Bia\u0142a ul. Adama Asnyka 30 Siedziba klubu znajduje si\u0119 na terenie &hellip; <a href=\"https:\/\/rudolf.net.pl\/kat\/?page_id=509\">Czytaj dalej <span class=\"meta-nav\">&rarr;<\/span><\/a><\/p>\n","protected":false},"author":2,"featured_media":0,"parent":0,"menu_order":0,"comment_status":"open","ping_status":"open","template":"","meta":{"ngg_post_thumbnail":0,"_mc_calendar":[],"footnotes":""},"class_list":["post-509","page","type-page","status-publish","hentry"],"_links":{"self":[{"href":"https:\/\/rudolf.net.pl\/kat\/index.php?rest_route=\/wp\/v2\/pages\/509","targetHints":{"allow":["GET"]}}],"collection":[{"href":"https:\/\/rudolf.net.pl\/kat\/index.php?rest_route=\/wp\/v2\/pages"}],"about":[{"href":"https:\/\/rudolf.net.pl\/kat\/index.php?rest_route=\/wp\/v2\/types\/page"}],"author":[{"embeddable":true,"href":"https:\/\/rudolf.net.pl\/kat\/index.php?rest_route=\/wp\/v2\/users\/2"}],"replies":[{"embeddable":true,"href":"https:\/\/rudolf.net.pl\/kat\/index.php?rest_route=%2Fwp%2Fv2%2Fcomments&post=509"}],"version-history":[{"count":4,"href":"https:\/\/rudolf.net.pl\/kat\/index.php?rest_route=\/wp\/v2\/pages\/509\/revisions"}],"predecessor-version":[{"id":16618,"href":"https:\/\/rudolf.net.pl\/kat\/index.php?rest_route=\/wp\/v2\/pages\/509\/revisions\/16618"}],"wp:attachment":[{"href":"https:\/\/rudolf.net.pl\/kat\/index.php?rest_route=%2Fwp%2Fv2%2Fmedia&parent=509"}],"curies":[{"name":"wp","href":"https:\/\/api.w.org\/{rel}","templated":true}]}}