{"id":460,"date":"2015-02-28T21:35:04","date_gmt":"2015-02-28T20:35:04","guid":{"rendered":"http:\/\/rudolf.net.pl\/kat\/?page_id=460"},"modified":"2015-03-27T08:48:43","modified_gmt":"2015-03-27T07:48:43","slug":"o-klubie","status":"publish","type":"page","link":"https:\/\/rudolf.net.pl\/kat\/?page_id=460","title":{"rendered":"O Klubie"},"content":{"rendered":"<p><a href=\"https:\/\/rudolf.net.pl\/kat\/?page_id=5660\"><img loading=\"lazy\" decoding=\"async\" class=\"  alignright wp-image-4549\" title=\"english version\" src=\"https:\/\/rudolf.net.pl\/kat\/wp-content\/uploads\/2015\/03\/english_flag.jpg\" alt=\"english version\" width=\"50\" height=\"50\" srcset=\"https:\/\/rudolf.net.pl\/kat\/wp-content\/uploads\/2015\/03\/english_flag.jpg 400w, https:\/\/rudolf.net.pl\/kat\/wp-content\/uploads\/2015\/03\/english_flag-150x150.jpg 150w, https:\/\/rudolf.net.pl\/kat\/wp-content\/uploads\/2015\/03\/english_flag-300x300.jpg 300w\" sizes=\"auto, (max-width: 50px) 100vw, 50px\" \/><\/a><\/p>\n<p><a href=\"https:\/\/rudolf.net.pl\/kat\/wp-content\/uploads\/2015\/02\/kartka.jpg\"><img loading=\"lazy\" decoding=\"async\" class=\"alignnone  wp-image-2416\" src=\"https:\/\/rudolf.net.pl\/kat\/wp-content\/uploads\/2015\/02\/kartka.jpg\" alt=\"kartka\" width=\"567\" height=\"369\" \/><\/a><\/p>\n<p>Tak samo jak kr\u00f3tkofalarstwo to bardzo szerokie poj\u0119cie i ka\u017cdy znajdzie w nim co\u015b dla siebie, tak i w naszym klubie znajdziesz wiele r\u00f3\u017cnych osobowo\u015bci zainteresowanych r\u00f3\u017cnymi aspektami naszego hobby. Przekr\u00f3j wiekowy klubu r\u00f3wnie\u017c jest bardzo szeroki &#8211; od koleg\u00f3w, kt\u00f3rzy sp\u0119dzili na pasmach ju\u017c ponad p\u00f3\u0142 wieku do m\u0142odych adept\u00f3w sztuki posiadaj\u0105cych wy\u0142\u0105cznie licencje nas\u0142uchowe. S\u0105 osoby zainteresowane elektronik\u0105 oraz technik\u0105 antenow\u0105, radionawigacj\u0105 sportow\u0105, mi\u0142o\u015bnicy \u017cucia szmat jak i zawodowcy zainteresowani wy\u0142\u0105cznie zawodami, operatorzy foniczni oraz tacy, dla kt\u00f3rych telegrafia jest jak religia i innych emisji nie uznaj\u0105, na koniec s\u0105 r\u00f3wnie\u017c osoby zara\u017cone emisjami cyfrowymi.<\/p>\n<p>S\u0142u\u017cymy pomoc\u0105 zar\u00f3wno w zakresie uzyskania licencji lub innych problem\u00f3w proceduralnych jak i nauki telegrafii, budowy anten czy urz\u0105dze\u0144 nadawczo-odbiorczych oraz doradzimy odno\u015bnie zakupu w\u0142asnego sprz\u0119tu kr\u00f3tkofalarskiego.<\/p>\n<p>Klub dysponuje wysokiej klasy radiostacj\u0105 wraz z zestawem urz\u0105dze\u0144 peryferyjnych i szerokim wachlarzem anten &#8211; zestaw ten pozwoli Ci nawi\u0105za\u0107 \u0142\u0105czno\u015b\u0107 z ca\u0142ym \u015bwiatem &#8211; nawet je\u015bli nie masz jeszcze licencji (pod czujnym okiem kierownika radiostacji).<\/p>\n<p>Klub prowadzi r\u00f3wnie\u017c obs\u0142ug\u0119 biura QSL &#8211; po zdobyciu licencji oraz op\u0142aceniu sk\u0142adek PZK u nas wy\u015blesz i odbierzesz swoje karty QSL.<\/p>\n<p>Zapraszamy r\u00f3wnie\u017c osoby przebywaj\u0105ce czasowo na naszym terenie &#8211; zar\u00f3wno na d\u0142u\u017cej jak i przejazdem &#8211; b\u0119dzie nam bardzo mi\u0142o pozna\u0107 si\u0119 osobi\u015bcie.<\/p>\n<p>Jeste\u015bmy r\u00f3wnie\u017c do\u015b\u0107 aktywni na naszej klubowej cz\u0119stotliwo\u015bci &#8211; 145.250 &#8211; ka\u017cdego dnia na nas\u0142uchu jest tam przynajmniej kilka stacji, wi\u0119c je\u015bli jeste\u015b na naszym terenie i potrzebujesz pomocy nie wahaj si\u0119 zawo\u0142a\u0107 &#8211; je\u015bli nie po prostu wpadnij si\u0119 przywita\u0107.<\/p>\n<p>Wszystkich sympatyk\u00f3w \u0142\u0105czno\u015bci na falach eteru zapraszamy na spotkania klubowe, kt\u00f3re odbywaj\u0105 si\u0119 regularnie co drugi czwartek w godzinach popo\u0142udniowych &#8211; szczeg\u00f3\u0142owe dni otwarcia klubu dost\u0119pne s\u0105 w <a href=\"https:\/\/rudolf.net.pl\/kat\/?page_id=5067\">kalendarzu<\/a>, a godziny otwarcia klubu publikowane s\u0105 zawsze na kilka dni przed spotkaniem w oknie mini-chat-u.<\/p>\n","protected":false},"excerpt":{"rendered":"<p>Tak samo jak kr\u00f3tkofalarstwo to bardzo szerokie poj\u0119cie i ka\u017cdy znajdzie w nim co\u015b dla siebie, tak i w naszym klubie znajdziesz wiele r\u00f3\u017cnych osobowo\u015bci zainteresowanych r\u00f3\u017cnymi aspektami naszego hobby. Przekr\u00f3j wiekowy klubu r\u00f3wnie\u017c jest bardzo szeroki &#8211; od koleg\u00f3w, &hellip; <a href=\"https:\/\/rudolf.net.pl\/kat\/?page_id=460\">Czytaj dalej <span class=\"meta-nav\">&rarr;<\/span><\/a><\/p>\n","protected":false},"author":2,"featured_media":0,"parent":0,"menu_order":0,"comment_status":"open","ping_status":"open","template":"","meta":{"ngg_post_thumbnail":0,"_mc_calendar":[],"footnotes":""},"class_list":["post-460","page","type-page","status-publish","hentry"],"_links":{"self":[{"href":"https:\/\/rudolf.net.pl\/kat\/index.php?rest_route=\/wp\/v2\/pages\/460","targetHints":{"allow":["GET"]}}],"collection":[{"href":"https:\/\/rudolf.net.pl\/kat\/index.php?rest_route=\/wp\/v2\/pages"}],"about":[{"href":"https:\/\/rudolf.net.pl\/kat\/index.php?rest_route=\/wp\/v2\/types\/page"}],"author":[{"embeddable":true,"href":"https:\/\/rudolf.net.pl\/kat\/index.php?rest_route=\/wp\/v2\/users\/2"}],"replies":[{"embeddable":true,"href":"https:\/\/rudolf.net.pl\/kat\/index.php?rest_route=%2Fwp%2Fv2%2Fcomments&post=460"}],"version-history":[{"count":9,"href":"https:\/\/rudolf.net.pl\/kat\/index.php?rest_route=\/wp\/v2\/pages\/460\/revisions"}],"predecessor-version":[{"id":6735,"href":"https:\/\/rudolf.net.pl\/kat\/index.php?rest_route=\/wp\/v2\/pages\/460\/revisions\/6735"}],"wp:attachment":[{"href":"https:\/\/rudolf.net.pl\/kat\/index.php?rest_route=%2Fwp%2Fv2%2Fmedia&parent=460"}],"curies":[{"name":"wp","href":"https:\/\/api.w.org\/{rel}","templated":true}]}}