{"id":456,"date":"2015-02-28T21:20:37","date_gmt":"2015-02-28T20:20:37","guid":{"rendered":"http:\/\/rudolf.net.pl\/kat\/?page_id=456"},"modified":"2024-02-16T20:44:01","modified_gmt":"2024-02-16T19:44:01","slug":"lista-czlonkow","status":"publish","type":"page","link":"https:\/\/rudolf.net.pl\/kat\/?page_id=456","title":{"rendered":"Lista cz\u0142onk\u00f3w"},"content":{"rendered":"<table>\n<tbody>\n<tr>\n<td width=\"150\"><img loading=\"lazy\" decoding=\"async\" class=\" alignleft\" src=\"http:\/\/files.qrz.com\/q\/sp9nlq\/DSCF0058.JPG\" alt=\"\" width=\"150\" height=\"116\"><br \/>\n<strong><a href=\"http:\/\/www.qrz.com\/db\/SP9NLQ\">SP9NLQ &#8211; LES\u0141AW<\/a><\/strong><\/td>\n<\/tr>\n<tr>\n<td width=\"150\"><strong><a href=\"http:\/\/www.qrz.com\/db\/SQ9JXE\"><img loading=\"lazy\" decoding=\"async\" class=\" alignleft\" src=\"http:\/\/files.qrz.com\/e\/sq9jxe\/sq9jxe.JPG\" alt=\"\" width=\"150\" height=\"101\">SQ9JXE &#8211; RADEK<\/a><\/strong><\/td>\n<\/tr>\n<tr>\n<td width=\"150\"><strong><a href=\"http:\/\/www.qrz.com\/db\/SQ9NOW\"><img loading=\"lazy\" decoding=\"async\" class=\" alignleft\" src=\"http:\/\/files.qrz.com\/w\/sq9now\/sq9now_2.jpg\" alt=\"\" width=\"150\" height=\"113\">SQ9NOW &#8211; SYLWIA<\/a><\/strong><\/td>\n<\/tr>\n<tr>\n<td width=\"150\"><strong><a href=\"http:\/\/www.qrz.com\/db\/SP9BFC\"><img loading=\"lazy\" decoding=\"async\" class=\" alignleft\" src=\"http:\/\/files.qrz.com\/c\/sp9bfc\/radioroman.jpg\" alt=\"\" width=\"150\" height=\"99\">SP9BFC &#8211; ROMAN<\/a><\/strong><\/td>\n<\/tr>\n<tr>\n<td width=\"150\"><strong><a href=\"https:\/\/rudolf.net.pl\/kat\/wp-content\/uploads\/2015\/02\/kartka.jpg\"><img loading=\"lazy\" decoding=\"async\" class=\" wp-image-2416 alignleft\" src=\"https:\/\/rudolf.net.pl\/kat\/wp-content\/uploads\/2015\/02\/kartka.jpg\" alt=\"kartka\" width=\"150\" height=\"98\" srcset=\"https:\/\/rudolf.net.pl\/kat\/wp-content\/uploads\/2015\/02\/kartka-300x193.jpg 300w, https:\/\/rudolf.net.pl\/kat\/wp-content\/uploads\/2015\/02\/kartka-466x300.jpg 466w\" sizes=\"auto, (max-width: 150px) 100vw, 150px\" \/><\/a><a href=\"http:\/\/www.qrz.com\/db\/SQ9SHV\">SQ9SHV &#8211; JANUSZ<\/a><\/strong><\/td>\n<\/tr>\n<tr>\n<td width=\"150\"><strong><a href=\"http:\/\/www.qrz.com\/db\/SP9EML\"><img loading=\"lazy\" decoding=\"async\" class=\" alignleft\" src=\"http:\/\/files.qrz.com\/l\/sp9eml\/DSC_2487.JPG\" alt=\"\" width=\"150\" height=\"101\">SP9EML &#8211; MIECZYS\u0141AW<\/a><\/strong><\/td>\n<\/tr>\n<tr>\n<td width=\"150\"><strong><a href=\"https:\/\/rudolf.net.pl\/kat\/wp-content\/uploads\/2015\/02\/kartka.jpg\"><img loading=\"lazy\" decoding=\"async\" class=\" wp-image-2416 alignleft\" src=\"https:\/\/rudolf.net.pl\/kat\/wp-content\/uploads\/2015\/02\/kartka.jpg\" alt=\"kartka\" width=\"150\" height=\"98\" srcset=\"https:\/\/rudolf.net.pl\/kat\/wp-content\/uploads\/2015\/02\/kartka-300x193.jpg 300w, https:\/\/rudolf.net.pl\/kat\/wp-content\/uploads\/2015\/02\/kartka-466x300.jpg 466w\" sizes=\"auto, (max-width: 150px) 100vw, 150px\" \/><\/a><span style=\"color: #3366ff;\">SP9AXY &#8211; EDWARD&nbsp;<\/span><\/strong><\/td>\n<\/tr>\n<tr>\n<td width=\"150\"><strong><a href=\"http:\/\/www.qrz.com\/db\/SP9RIG\"><img loading=\"lazy\" decoding=\"async\" class=\" alignleft\" src=\"http:\/\/files.qrz.com\/g\/sp9rig\/zdj_QSL.jpg\" alt=\"\" width=\"151\" height=\"103\">SP9RIG &#8211; KRZYSZTOF<\/a><\/strong><\/td>\n<\/tr>\n<tr>\n<td width=\"150\"><strong><a href=\"https:\/\/rudolf.net.pl\/kat\/wp-content\/uploads\/2015\/02\/kartka.jpg\"><img loading=\"lazy\" decoding=\"async\" class=\" wp-image-2416 alignleft\" src=\"https:\/\/rudolf.net.pl\/kat\/wp-content\/uploads\/2015\/02\/kartka.jpg\" alt=\"kartka\" width=\"150\" height=\"98\" srcset=\"https:\/\/rudolf.net.pl\/kat\/wp-content\/uploads\/2015\/02\/kartka-300x193.jpg 300w, https:\/\/rudolf.net.pl\/kat\/wp-content\/uploads\/2015\/02\/kartka-466x300.jpg 466w\" sizes=\"auto, (max-width: 150px) 100vw, 150px\" \/><\/a><span style=\"color: #3366ff;\">SP9XZA &#8211; ZBIGNIEW<\/span><\/strong><\/td>\n<\/tr>\n<tr>\n<td width=\"150\"><strong><a href=\"https:\/\/rudolf.net.pl\/kat\/wp-content\/uploads\/2015\/02\/kartka.jpg\"><img loading=\"lazy\" decoding=\"async\" class=\" wp-image-2416 alignleft\" src=\"https:\/\/rudolf.net.pl\/kat\/wp-content\/uploads\/2015\/02\/kartka.jpg\" alt=\"kartka\" width=\"150\" height=\"98\" srcset=\"https:\/\/rudolf.net.pl\/kat\/wp-content\/uploads\/2015\/02\/kartka-300x193.jpg 300w, https:\/\/rudolf.net.pl\/kat\/wp-content\/uploads\/2015\/02\/kartka-466x300.jpg 466w\" sizes=\"auto, (max-width: 150px) 100vw, 150px\" \/><\/a><span style=\"color: #3366ff;\">SQ9NK &#8211; KAROL<\/span><\/strong><\/td>\n<\/tr>\n<tr>\n<td width=\"150\"><strong><a href=\"https:\/\/rudolf.net.pl\/kat\/wp-content\/uploads\/2015\/02\/kartka.jpg\"><img loading=\"lazy\" decoding=\"async\" class=\" wp-image-2416 alignleft\" src=\"https:\/\/rudolf.net.pl\/kat\/wp-content\/uploads\/2015\/02\/kartka.jpg\" alt=\"kartka\" width=\"150\" height=\"98\" srcset=\"https:\/\/rudolf.net.pl\/kat\/wp-content\/uploads\/2015\/02\/kartka-300x193.jpg 300w, https:\/\/rudolf.net.pl\/kat\/wp-content\/uploads\/2015\/02\/kartka-466x300.jpg 466w\" sizes=\"auto, (max-width: 150px) 100vw, 150px\" \/><\/a><span style=\"color: #3366ff;\">SQ9ITL &#8211; RAFA\u0141<\/span><\/strong><\/td>\n<\/tr>\n<tr>\n<td width=\"150\"><a href=\"https:\/\/rudolf.net.pl\/kat\/wp-content\/uploads\/2021\/09\/SPDX2014_003cz.jpg\"><img loading=\"lazy\" decoding=\"async\" class=\"alignnone size-full wp-image-238790\" src=\"https:\/\/rudolf.net.pl\/kat\/wp-content\/uploads\/2021\/09\/SPDX2014_003cz.jpg\" alt=\"\" width=\"1024\" height=\"768\" srcset=\"https:\/\/rudolf.net.pl\/kat\/wp-content\/uploads\/2021\/09\/SPDX2014_003cz.jpg 1024w, https:\/\/rudolf.net.pl\/kat\/wp-content\/uploads\/2021\/09\/SPDX2014_003cz-300x225.jpg 300w, https:\/\/rudolf.net.pl\/kat\/wp-content\/uploads\/2021\/09\/SPDX2014_003cz-768x576.jpg 768w, https:\/\/rudolf.net.pl\/kat\/wp-content\/uploads\/2021\/09\/SPDX2014_003cz-400x300.jpg 400w\" sizes=\"auto, (max-width: 1024px) 100vw, 1024px\" \/><\/a><\/p>\n<p><span style=\"color: #808080;\"><strong>SP9FV -FRANEK SILENT KEY<\/strong><\/span><\/td>\n<\/tr>\n<tr>\n<td width=\"150\"><strong><a href=\"http:\/\/www.qrz.com\/db\/SP9AHW\"><img loading=\"lazy\" decoding=\"async\" class=\" alignleft\" src=\"http:\/\/files.qrz.com\/w\/sp9ahw\/S5031203.JPG\" alt=\"\" width=\"150\" height=\"114\">SP9AHW &#8211; LESZEK<\/a><\/strong><\/td>\n<\/tr>\n<tr>\n<td width=\"150\"><strong><a href=\"https:\/\/rudolf.net.pl\/kat\/wp-content\/uploads\/2015\/02\/kartka.jpg\"><img loading=\"lazy\" decoding=\"async\" class=\" wp-image-2416 alignleft\" src=\"https:\/\/rudolf.net.pl\/kat\/wp-content\/uploads\/2015\/02\/kartka.jpg\" alt=\"kartka\" width=\"150\" height=\"98\" srcset=\"https:\/\/rudolf.net.pl\/kat\/wp-content\/uploads\/2015\/02\/kartka-300x193.jpg 300w, https:\/\/rudolf.net.pl\/kat\/wp-content\/uploads\/2015\/02\/kartka-466x300.jpg 466w\" sizes=\"auto, (max-width: 150px) 100vw, 150px\" \/><\/a><span style=\"color: #999999;\">SP9WY &#8211; EDWARD SILENT KEY<\/span>&nbsp;<\/strong><\/td>\n<\/tr>\n<tr>\n<td width=\"150\"><strong><a href=\"https:\/\/rudolf.net.pl\/kat\/wp-content\/uploads\/2015\/02\/kartka.jpg\"><img loading=\"lazy\" decoding=\"async\" class=\" wp-image-2416 alignleft\" src=\"https:\/\/rudolf.net.pl\/kat\/wp-content\/uploads\/2015\/02\/kartka.jpg\" alt=\"kartka\" width=\"150\" height=\"98\" srcset=\"https:\/\/rudolf.net.pl\/kat\/wp-content\/uploads\/2015\/02\/kartka-300x193.jpg 300w, https:\/\/rudolf.net.pl\/kat\/wp-content\/uploads\/2015\/02\/kartka-466x300.jpg 466w\" sizes=\"auto, (max-width: 150px) 100vw, 150px\" \/><\/a><span style=\"color: #0000ff;\">SP9GNM &#8211; W\u0141ADYS\u0141AW<\/span><\/strong><\/td>\n<\/tr>\n<tr>\n<td width=\"150\"><strong><a href=\"https:\/\/rudolf.net.pl\/kat\/wp-content\/uploads\/2015\/02\/kartka.jpg\"><img loading=\"lazy\" decoding=\"async\" class=\" wp-image-2416 alignleft\" src=\"https:\/\/rudolf.net.pl\/kat\/wp-content\/uploads\/2015\/02\/kartka.jpg\" alt=\"kartka\" width=\"150\" height=\"98\" srcset=\"https:\/\/rudolf.net.pl\/kat\/wp-content\/uploads\/2015\/02\/kartka-300x193.jpg 300w, https:\/\/rudolf.net.pl\/kat\/wp-content\/uploads\/2015\/02\/kartka-466x300.jpg 466w\" sizes=\"auto, (max-width: 150px) 100vw, 150px\" \/><\/a><span style=\"color: #0000ff;\">SP9CWQ-TADEUSZ (ex. SQ9CWQ)<\/span><\/strong><\/td>\n<\/tr>\n<tr>\n<td width=\"150\"><a href=\"https:\/\/rudolf.net.pl\/kat\/wp-content\/uploads\/2015\/02\/kartka.jpg\"><img loading=\"lazy\" decoding=\"async\" class=\"alignnone size-full wp-image-2416\" src=\"https:\/\/rudolf.net.pl\/kat\/wp-content\/uploads\/2015\/02\/kartka.jpg\" alt=\"\" width=\"1023\" height=\"658\" srcset=\"https:\/\/rudolf.net.pl\/kat\/wp-content\/uploads\/2015\/02\/kartka.jpg 1023w, https:\/\/rudolf.net.pl\/kat\/wp-content\/uploads\/2015\/02\/kartka-300x193.jpg 300w, https:\/\/rudolf.net.pl\/kat\/wp-content\/uploads\/2015\/02\/kartka-466x300.jpg 466w\" sizes=\"auto, (max-width: 1023px) 100vw, 1023px\" \/><\/a><\/p>\n<p><strong><a href=\"http:\/\/www.qrz.com\/db\/SP9FV\">SP9FV PAWE\u0141<\/a><\/strong><\/td>\n<\/tr>\n<tr>\n<td width=\"150\"><strong><a href=\"http:\/\/www.qrz.com\/db\/SP9ONC\"><img loading=\"lazy\" decoding=\"async\" class=\" alignleft\" src=\"http:\/\/files.qrz.com\/c\/sp9onc\/DSCF3221.JPG\" alt=\"\" width=\"149\" height=\"112\">SP9ONC &#8211; MIROS\u0141AW<\/a><\/strong><\/td>\n<\/tr>\n<tr>\n<td width=\"150\"><strong><a href=\"http:\/\/www.qrz.com\/db\/SP9LWM\"><img loading=\"lazy\" decoding=\"async\" class=\" alignleft\" src=\"http:\/\/files.qrz.com\/m\/sp9lwm\/sp9lwm.jpg\" alt=\"\" width=\"151\" height=\"113\">SP9LWM &#8211; MIKO\u0141AJ<\/a>&nbsp;<\/strong><\/td>\n<\/tr>\n<tr>\n<td width=\"150\"><strong><a href=\"https:\/\/rudolf.net.pl\/kat\/wp-content\/uploads\/2015\/02\/kartka.jpg\"><img loading=\"lazy\" decoding=\"async\" class=\" wp-image-2416 alignleft\" src=\"https:\/\/rudolf.net.pl\/kat\/wp-content\/uploads\/2015\/02\/kartka.jpg\" alt=\"kartka\" width=\"150\" height=\"98\" srcset=\"https:\/\/rudolf.net.pl\/kat\/wp-content\/uploads\/2015\/02\/kartka-300x193.jpg 300w, https:\/\/rudolf.net.pl\/kat\/wp-content\/uploads\/2015\/02\/kartka-466x300.jpg 466w\" sizes=\"auto, (max-width: 150px) 100vw, 150px\" \/><\/a><span style=\"color: #0000ff;\">SP9UFI &#8211; MIKO\u0141AJ<\/span><\/strong><\/td>\n<\/tr>\n<tr>\n<td width=\"150\"><strong><a href=\"https:\/\/rudolf.net.pl\/kat\/wp-content\/uploads\/2015\/02\/kartka.jpg\"><img loading=\"lazy\" decoding=\"async\" class=\" wp-image-2416 alignleft\" src=\"https:\/\/rudolf.net.pl\/kat\/wp-content\/uploads\/2015\/02\/kartka.jpg\" alt=\"kartka\" width=\"150\" height=\"98\" srcset=\"https:\/\/rudolf.net.pl\/kat\/wp-content\/uploads\/2015\/02\/kartka-300x193.jpg 300w, https:\/\/rudolf.net.pl\/kat\/wp-content\/uploads\/2015\/02\/kartka-466x300.jpg 466w\" sizes=\"auto, (max-width: 150px) 100vw, 150px\" \/><\/a><span style=\"color: #0000ff;\">SP9SNX &#8211; TADEUSZ<\/span><\/strong><\/td>\n<\/tr>\n<tr>\n<td width=\"150\"><strong><a href=\"https:\/\/rudolf.net.pl\/kat\/wp-content\/uploads\/2015\/02\/kartka.jpg\"><img loading=\"lazy\" decoding=\"async\" class=\" wp-image-2416 alignleft\" src=\"https:\/\/rudolf.net.pl\/kat\/wp-content\/uploads\/2015\/02\/kartka.jpg\" alt=\"kartka\" width=\"150\" height=\"98\" srcset=\"https:\/\/rudolf.net.pl\/kat\/wp-content\/uploads\/2015\/02\/kartka-300x193.jpg 300w, https:\/\/rudolf.net.pl\/kat\/wp-content\/uploads\/2015\/02\/kartka-466x300.jpg 466w\" sizes=\"auto, (max-width: 150px) 100vw, 150px\" \/><\/a><span style=\"color: #0000ff;\"><a href=\"http:\/\/qrz.com\/db\/sp9gs\">SP9GS &#8211; STANIS\u0141AW &nbsp;(EX. SQ9BEJ)<\/a><\/span><\/strong><\/td>\n<\/tr>\n<tr>\n<td width=\"150\"><strong><a href=\"http:\/\/www.qrz.com\/db\/SP9OJM\"><img loading=\"lazy\" decoding=\"async\" class=\" wp-image-2416 alignleft\" src=\"https:\/\/rudolf.net.pl\/kat\/wp-content\/uploads\/2015\/02\/kartka.jpg\" alt=\"kartka\" width=\"150\" height=\"98\" srcset=\"https:\/\/rudolf.net.pl\/kat\/wp-content\/uploads\/2015\/02\/kartka-300x193.jpg 300w, https:\/\/rudolf.net.pl\/kat\/wp-content\/uploads\/2015\/02\/kartka-466x300.jpg 466w\" sizes=\"auto, (max-width: 150px) 100vw, 150px\" \/><\/a><span style=\"color: #0000ff;\"><a href=\"http:\/\/qrz.com\/db\/sp9ojm\" target=\"_blank\" rel=\"noopener noreferrer\">SP9OJM &#8211; JAN<\/a><\/span><\/strong><\/td>\n<\/tr>\n<tr>\n<td width=\"150\"><strong><a href=\"https:\/\/rudolf.net.pl\/kat\/wp-content\/uploads\/2015\/02\/kartka.jpg\"><img loading=\"lazy\" decoding=\"async\" class=\" wp-image-2416 alignleft\" src=\"https:\/\/rudolf.net.pl\/kat\/wp-content\/uploads\/2015\/02\/kartka.jpg\" alt=\"kartka\" width=\"150\" height=\"98\" srcset=\"https:\/\/rudolf.net.pl\/kat\/wp-content\/uploads\/2015\/02\/kartka-300x193.jpg 300w, https:\/\/rudolf.net.pl\/kat\/wp-content\/uploads\/2015\/02\/kartka-466x300.jpg 466w\" sizes=\"auto, (max-width: 150px) 100vw, 150px\" \/><\/a><span style=\"color: #0000ff;\">SP9HQI &#8211; MAREK<\/span><\/strong><\/td>\n<\/tr>\n<tr>\n<td width=\"150\"><strong><a href=\"https:\/\/rudolf.net.pl\/kat\/wp-content\/uploads\/2015\/02\/kartka.jpg\"><img loading=\"lazy\" decoding=\"async\" class=\" wp-image-2416 alignleft\" src=\"https:\/\/rudolf.net.pl\/kat\/wp-content\/uploads\/2015\/02\/kartka.jpg\" alt=\"kartka\" width=\"150\" height=\"98\" srcset=\"https:\/\/rudolf.net.pl\/kat\/wp-content\/uploads\/2015\/02\/kartka-300x193.jpg 300w, https:\/\/rudolf.net.pl\/kat\/wp-content\/uploads\/2015\/02\/kartka-466x300.jpg 466w\" sizes=\"auto, (max-width: 150px) 100vw, 150px\" \/><\/a><span style=\"color: #0000ff;\">SQ9AC (ex SQ9EI) &#8211; MARCIN<\/span><\/strong><\/td>\n<\/tr>\n<tr>\n<td width=\"150\"><strong><a href=\"http:\/\/www.qrz.com\/db\/SP9JKB\"><img loading=\"lazy\" decoding=\"async\" class=\" alignleft\" src=\"http:\/\/files.qrz.com\/b\/sp9jkb\/sp6jkb.jpg\" alt=\"\" width=\"150\" height=\"113\">SP9JKB &#8211; MAREK<\/a><\/strong><\/td>\n<\/tr>\n<tr>\n<td width=\"150\"><strong><a href=\"https:\/\/rudolf.net.pl\/kat\/wp-content\/uploads\/2015\/02\/kartka.jpg\"><img loading=\"lazy\" decoding=\"async\" class=\" wp-image-2416 alignleft\" src=\"https:\/\/rudolf.net.pl\/kat\/wp-content\/uploads\/2015\/02\/kartka.jpg\" alt=\"kartka\" width=\"150\" height=\"98\" srcset=\"https:\/\/rudolf.net.pl\/kat\/wp-content\/uploads\/2015\/02\/kartka-300x193.jpg 300w, https:\/\/rudolf.net.pl\/kat\/wp-content\/uploads\/2015\/02\/kartka-466x300.jpg 466w\" sizes=\"auto, (max-width: 150px) 100vw, 150px\" \/><\/a><span style=\"color: #3366ff;\">SQ9FMA &#8211; J\u00d3ZEF<\/span><\/strong><\/td>\n<\/tr>\n<tr>\n<td width=\"150\"><strong><a href=\"https:\/\/rudolf.net.pl\/kat\/wp-content\/uploads\/2015\/02\/kartka.jpg\"><img loading=\"lazy\" decoding=\"async\" class=\" wp-image-2416 alignleft\" src=\"https:\/\/rudolf.net.pl\/kat\/wp-content\/uploads\/2015\/02\/kartka.jpg\" alt=\"kartka\" width=\"150\" height=\"98\" srcset=\"https:\/\/rudolf.net.pl\/kat\/wp-content\/uploads\/2015\/02\/kartka-300x193.jpg 300w, https:\/\/rudolf.net.pl\/kat\/wp-content\/uploads\/2015\/02\/kartka-466x300.jpg 466w\" sizes=\"auto, (max-width: 150px) 100vw, 150px\" \/><\/a><a href=\"http:\/\/www.qrz.com\/db\/SP9BX\">SP9BX &#8211; SEBASTIAN&nbsp; (ex. SP9BXU)<\/a><\/strong><\/td>\n<\/tr>\n<tr>\n<td width=\"150\"><strong><span style=\"color: #808080;\"><a href=\"https:\/\/rudolf.net.pl\/kat\/wp-content\/uploads\/2016\/06\/xfs_500x400_s80_Janusz-SQ9BZJ.jpg\"><img loading=\"lazy\" decoding=\"async\" class=\"alignnone  wp-image-82432\" src=\"https:\/\/rudolf.net.pl\/kat\/wp-content\/uploads\/2016\/06\/xfs_500x400_s80_Janusz-SQ9BZJ.jpg\" alt=\"\" width=\"146\" height=\"109\" srcset=\"https:\/\/rudolf.net.pl\/kat\/wp-content\/uploads\/2016\/06\/xfs_500x400_s80_Janusz-SQ9BZJ.jpg 500w, https:\/\/rudolf.net.pl\/kat\/wp-content\/uploads\/2016\/06\/xfs_500x400_s80_Janusz-SQ9BZJ-300x225.jpg 300w, https:\/\/rudolf.net.pl\/kat\/wp-content\/uploads\/2016\/06\/xfs_500x400_s80_Janusz-SQ9BZJ-400x300.jpg 400w\" sizes=\"auto, (max-width: 146px) 100vw, 146px\" \/><\/a><a style=\"color: #808080;\" href=\"http:\/\/www.qrz.com\/db\/SQ9BZJ\">SQ9BZJ &#8211; JANUSZ<\/a>&nbsp;&#8211;&nbsp;SILENT KEY<\/span><\/strong><\/td>\n<\/tr>\n<tr>\n<td width=\"150\"><strong><a href=\"https:\/\/rudolf.net.pl\/kat\/wp-content\/uploads\/2015\/02\/kartka.jpg\"><img loading=\"lazy\" decoding=\"async\" class=\" wp-image-2416 alignleft\" src=\"https:\/\/rudolf.net.pl\/kat\/wp-content\/uploads\/2015\/02\/kartka.jpg\" alt=\"kartka\" width=\"150\" height=\"98\" srcset=\"https:\/\/rudolf.net.pl\/kat\/wp-content\/uploads\/2015\/02\/kartka-300x193.jpg 300w, https:\/\/rudolf.net.pl\/kat\/wp-content\/uploads\/2015\/02\/kartka-466x300.jpg 466w\" sizes=\"auto, (max-width: 150px) 100vw, 150px\" \/><\/a><a href=\"http:\/\/www.qrz.com\/db\/SP9MQI\">SP9MQI &#8211; MAREK<\/a><\/strong><\/td>\n<\/tr>\n<tr>\n<td><strong><a href=\"https:\/\/rudolf.net.pl\/kat\/wp-content\/uploads\/2015\/02\/kartka.jpg\"><img loading=\"lazy\" decoding=\"async\" class=\" wp-image-2416 alignleft\" src=\"https:\/\/rudolf.net.pl\/kat\/wp-content\/uploads\/2015\/02\/kartka.jpg\" alt=\"kartka\" width=\"150\" height=\"98\" srcset=\"https:\/\/rudolf.net.pl\/kat\/wp-content\/uploads\/2015\/02\/kartka-300x193.jpg 300w, https:\/\/rudolf.net.pl\/kat\/wp-content\/uploads\/2015\/02\/kartka-466x300.jpg 466w\" sizes=\"auto, (max-width: 150px) 100vw, 150px\" \/><\/a><a href=\"http:\/\/www.qrz.com\/db\/SP6FUN\">SP6FUN &#8211; KAZIMIERZ<\/a><\/strong><\/td>\n<\/tr>\n<tr>\n<td><strong><span style=\"color: #808080;\"><a href=\"https:\/\/rudolf.net.pl\/kat\/wp-content\/uploads\/2021\/10\/Delta.jpg\"><img loading=\"lazy\" decoding=\"async\" class=\"alignnone  wp-image-238826\" src=\"https:\/\/rudolf.net.pl\/kat\/wp-content\/uploads\/2021\/10\/Delta.jpg\" alt=\"\" width=\"143\" height=\"167\" srcset=\"https:\/\/rudolf.net.pl\/kat\/wp-content\/uploads\/2021\/10\/Delta.jpg 684w, https:\/\/rudolf.net.pl\/kat\/wp-content\/uploads\/2021\/10\/Delta-257x300.jpg 257w\" sizes=\"auto, (max-width: 143px) 100vw, 143px\" \/><\/a>SP9BKP &#8211; FRYDERYK SILENT KEY<\/span><\/strong><\/td>\n<\/tr>\n<tr>\n<td><strong><a href=\"http:\/\/www.qrz.com\/db\/SP9RVD\"><img loading=\"lazy\" decoding=\"async\" class=\" alignleft\" src=\"http:\/\/files.qrz.com\/d\/sp9rvd\/DSC00388k.jpg\" alt=\"\" width=\"150\" height=\"113\">SP9RVD &#8211; \u0141UKASZ<\/a><\/strong><\/td>\n<\/tr>\n<tr>\n<td><strong><a href=\"https:\/\/rudolf.net.pl\/kat\/wp-content\/uploads\/2015\/02\/kartka.jpg\"><img loading=\"lazy\" decoding=\"async\" class=\" wp-image-2416 alignleft\" src=\"https:\/\/rudolf.net.pl\/kat\/wp-content\/uploads\/2015\/02\/kartka.jpg\" alt=\"kartka\" width=\"150\" height=\"98\" srcset=\"https:\/\/rudolf.net.pl\/kat\/wp-content\/uploads\/2015\/02\/kartka-300x193.jpg 300w, https:\/\/rudolf.net.pl\/kat\/wp-content\/uploads\/2015\/02\/kartka-466x300.jpg 466w\" sizes=\"auto, (max-width: 150px) 100vw, 150px\" \/><\/a><span style=\"color: #0000ff;\">SP9DOR &#8211; W\u0141ADYS\u0141AW<\/span><\/strong><\/td>\n<\/tr>\n<tr>\n<td><strong><a href=\"https:\/\/rudolf.net.pl\/kat\/wp-content\/uploads\/2015\/02\/kartka.jpg\"><img loading=\"lazy\" decoding=\"async\" class=\" wp-image-2416 alignleft\" src=\"https:\/\/rudolf.net.pl\/kat\/wp-content\/uploads\/2015\/02\/kartka.jpg\" alt=\"kartka\" width=\"150\" height=\"98\" srcset=\"https:\/\/rudolf.net.pl\/kat\/wp-content\/uploads\/2015\/02\/kartka-300x193.jpg 300w, https:\/\/rudolf.net.pl\/kat\/wp-content\/uploads\/2015\/02\/kartka-466x300.jpg 466w\" sizes=\"auto, (max-width: 150px) 100vw, 150px\" \/><\/a><span style=\"color: #0000ff;\"><a href=\"http:\/\/qrz.com\/db\/sq9cni\" target=\"_blank\" rel=\"noopener noreferrer\">SQ9CNI &#8211; EUGENIUSZ<\/a><\/span><\/strong><\/td>\n<\/tr>\n<tr>\n<td><strong><a href=\"http:\/\/www.qrz.com\/db\/SQ9KRG\"><img loading=\"lazy\" decoding=\"async\" class=\" alignleft\" src=\"http:\/\/files.qrz.com\/g\/sq9krg\/qslnew.jpg\" alt=\"\" width=\"150\" height=\"99\">SQ9KRG &#8211; JANUSZ<\/a><\/strong><\/td>\n<\/tr>\n<tr>\n<td><strong><a href=\"https:\/\/rudolf.net.pl\/kat\/wp-content\/uploads\/2015\/02\/kartka.jpg\"><img loading=\"lazy\" decoding=\"async\" class=\" wp-image-2416 alignleft\" src=\"https:\/\/rudolf.net.pl\/kat\/wp-content\/uploads\/2015\/02\/kartka.jpg\" alt=\"kartka\" width=\"150\" height=\"98\" srcset=\"https:\/\/rudolf.net.pl\/kat\/wp-content\/uploads\/2015\/02\/kartka-300x193.jpg 300w, https:\/\/rudolf.net.pl\/kat\/wp-content\/uploads\/2015\/02\/kartka-466x300.jpg 466w\" sizes=\"auto, (max-width: 150px) 100vw, 150px\" \/><\/a><span style=\"color: #0000ff;\">SP9PL &#8211; TOMASZ&nbsp; (ex.<\/span><\/strong><strong><span style=\"color: #0000ff;\">&nbsp;SQ9JXT)<\/span><\/strong><\/td>\n<\/tr>\n<tr>\n<td><strong><a href=\"http:\/\/www.qrz.com\/db\/SQ9NKW\"><img loading=\"lazy\" decoding=\"async\" class=\" alignleft\" src=\"http:\/\/files.qrz.com\/w\/sq9nkw\/SDC11578supmaly.JPG\" alt=\"\" width=\"153\" height=\"117\">SQ9NKW &#8211; TYMOTEUSZ<\/a><\/strong><\/td>\n<\/tr>\n<tr>\n<td><strong><a href=\"http:\/\/www.qrz.com\/db\/SP9RL\"><img loading=\"lazy\" decoding=\"async\" class=\" alignleft\" src=\"http:\/\/files.qrz.com\/l\/sq9idl\/sq9idl.jpg\" alt=\"\" width=\"150\" height=\"114\"><\/a><a href=\"http:\/\/www.qrz.com\/db\/SP9RL\">SP9RL &#8211; RYMWID (ex. SQ9IDL)<\/a><\/strong><\/td>\n<\/tr>\n<tr>\n<td><strong><a href=\"https:\/\/rudolf.net.pl\/kat\/wp-content\/uploads\/2015\/02\/kartka.jpg\"><img loading=\"lazy\" decoding=\"async\" class=\" wp-image-2416 alignleft\" src=\"https:\/\/rudolf.net.pl\/kat\/wp-content\/uploads\/2015\/02\/kartka.jpg\" alt=\"kartka\" width=\"150\" height=\"98\" srcset=\"https:\/\/rudolf.net.pl\/kat\/wp-content\/uploads\/2015\/02\/kartka-300x193.jpg 300w, https:\/\/rudolf.net.pl\/kat\/wp-content\/uploads\/2015\/02\/kartka-466x300.jpg 466w\" sizes=\"auto, (max-width: 150px) 100vw, 150px\" \/><\/a><span style=\"color: #0000ff;\">SP950356 &#8211; KRZYSIEK<\/span><\/strong><\/td>\n<\/tr>\n<tr>\n<td><span style=\"color: #808080;\"><strong><a href=\"https:\/\/rudolf.net.pl\/kat\/wp-content\/uploads\/2021\/10\/darek.jpg\"><img loading=\"lazy\" decoding=\"async\" class=\"alignnone size-full wp-image-238810\" src=\"https:\/\/rudolf.net.pl\/kat\/wp-content\/uploads\/2021\/10\/darek.jpg\" alt=\"\" width=\"704\" height=\"528\" srcset=\"https:\/\/rudolf.net.pl\/kat\/wp-content\/uploads\/2021\/10\/darek.jpg 704w, https:\/\/rudolf.net.pl\/kat\/wp-content\/uploads\/2021\/10\/darek-300x225.jpg 300w, https:\/\/rudolf.net.pl\/kat\/wp-content\/uploads\/2021\/10\/darek-400x300.jpg 400w\" sizes=\"auto, (max-width: 704px) 100vw, 704px\" \/><\/a>SP9ETE &#8211; DAREK SILENT KEY<\/strong><\/span><\/td>\n<\/tr>\n<tr>\n<td><strong><a href=\"http:\/\/qrz.com\/db\/sq9etn\"><img loading=\"lazy\" decoding=\"async\" class=\" alignleft\" src=\"http:\/\/files.qrz.com\/n\/sq9etn\/sq9etn_front.jpg\" alt=\"\" width=\"150\" height=\"99\"><\/a> <\/strong><strong style=\"font-family: inherit; font-size: inherit;\"><a href=\"http:\/\/qrz.com\/db\/sq9etn\">SQ9ETN &#8211; ANDRZEJ<\/a><\/strong><\/td>\n<\/tr>\n<tr>\n<td><strong><a href=\"https:\/\/rudolf.net.pl\/kat\/wp-content\/uploads\/2015\/02\/kartka.jpg\"><img loading=\"lazy\" decoding=\"async\" class=\" wp-image-2416 alignleft\" src=\"https:\/\/rudolf.net.pl\/kat\/wp-content\/uploads\/2015\/02\/kartka.jpg\" alt=\"kartka\" width=\"150\" height=\"98\" srcset=\"https:\/\/rudolf.net.pl\/kat\/wp-content\/uploads\/2015\/02\/kartka-300x193.jpg 300w, https:\/\/rudolf.net.pl\/kat\/wp-content\/uploads\/2015\/02\/kartka-466x300.jpg 466w\" sizes=\"auto, (max-width: 150px) 100vw, 150px\" \/><\/a><span style=\"color: #999999;\"><a style=\"color: #999999;\" href=\"http:\/\/www.qrz.com\/db\/SP9BBR\">SP9BBR &#8211; ROMEK<\/a>&nbsp;&#8211; SILENT KEY<\/span><\/strong><\/td>\n<\/tr>\n<tr>\n<td><strong><a href=\"https:\/\/rudolf.net.pl\/kat\/wp-content\/uploads\/2015\/02\/kartka.jpg\"><img loading=\"lazy\" decoding=\"async\" class=\" wp-image-2416 alignleft\" src=\"https:\/\/rudolf.net.pl\/kat\/wp-content\/uploads\/2015\/02\/kartka.jpg\" alt=\"kartka\" width=\"150\" height=\"98\" srcset=\"https:\/\/rudolf.net.pl\/kat\/wp-content\/uploads\/2015\/02\/kartka-300x193.jpg 300w, https:\/\/rudolf.net.pl\/kat\/wp-content\/uploads\/2015\/02\/kartka-466x300.jpg 466w\" sizes=\"auto, (max-width: 150px) 100vw, 150px\" \/><\/a><span style=\"color: #0000ff;\">SP9CU &#8211; GUENTHER (Jurek) <\/span><\/strong><\/td>\n<\/tr>\n<\/tbody>\n<\/table>\n<p><img loading=\"lazy\" decoding=\"async\" class=\"\" src=\"https:\/\/cdn-bio.qrz.com\/k\/sp9ouk\/DSC01463.JPG?p=4613069daf3154604fa543308745dbc1\" alt=\"Primary Image for SP9OUK\" width=\"145\" height=\"109\"><\/p>\n<p><strong><a href=\"http:\/\/www.qrz.com\/db\/SP9OUK\">SP9OUK &#8211; WALDEK<\/a><\/strong><\/p>\n<p>&nbsp;<\/p>\n<table>\n<tbody>\n<tr>\n<td width=\"150\"><strong><a href=\"http:\/\/qrz.com\/db\/sp9amf\" target=\"_blank\" rel=\"noopener noreferrer\"><img loading=\"lazy\" decoding=\"async\" class=\"alignleft\" src=\"https:\/\/s3.amazonaws.com\/files.qrz.com\/f\/sp9amf\/7006964212_7363902028479454153_n.jpg\" alt=\"\" width=\"150\" height=\"113\"><\/a><\/strong><strong><a href=\"http:\/\/qrz.com\/db\/sp9amf\" target=\"_blank\" rel=\"noopener noreferrer\">SP9AMF &#8211; IGOR<\/a><\/strong><\/td>\n<\/tr>\n<\/tbody>\n<tbody>\n<tr>\n<td width=\"150\"><strong><a href=\"http:\/\/www.qrz.com\/db\/SQ9PNJ\"><img loading=\"lazy\" decoding=\"async\" class=\"alignleft\" src=\"https:\/\/s3.amazonaws.com\/files.qrz.com\/p\/sp9lp\/8848921484_5959452641020180091_n.jpg\" alt=\"\" width=\"157\" height=\"92\"><\/a><a href=\"http:\/\/qrz.com\/db\/sp9lp\" target=\"_blank\" rel=\"noopener noreferrer\">SP9LP &#8211; \u0141UKASZ (ex. SQ9PNJ)<\/a><\/strong>&nbsp;&nbsp;<\/p>\n<p>&nbsp;<\/td>\n<\/tr>\n<\/tbody>\n<\/table>\n<p>Je\u015bli chcesz, \u017ceby Twoje zdj\u0119cie r\u00f3wnie\u017c si\u0119 tutaj wy\u015bwietla\u0142o umie\u015b\u0107 je na qrz.com, lub prze\u015blij mailem.<\/p>\n<p>&nbsp;<\/p>\n","protected":false},"excerpt":{"rendered":"<p>SP9NLQ &#8211; LES\u0141AW SQ9JXE &#8211; RADEK SQ9NOW &#8211; SYLWIA SP9BFC &#8211; ROMAN SQ9SHV &#8211; JANUSZ SP9EML &#8211; MIECZYS\u0141AW SP9AXY &#8211; EDWARD&nbsp; SP9RIG &#8211; KRZYSZTOF SP9XZA &#8211; ZBIGNIEW SQ9NK &#8211; KAROL SQ9ITL &#8211; RAFA\u0141 SP9FV -FRANEK SILENT KEY SP9AHW &#8211; LESZEK &hellip; <a href=\"https:\/\/rudolf.net.pl\/kat\/?page_id=456\">Czytaj dalej <span class=\"meta-nav\">&rarr;<\/span><\/a><\/p>\n","protected":false},"author":2,"featured_media":0,"parent":460,"menu_order":0,"comment_status":"open","ping_status":"closed","template":"","meta":{"ngg_post_thumbnail":0,"_mc_calendar":[],"footnotes":""},"class_list":["post-456","page","type-page","status-publish","hentry"],"_links":{"self":[{"href":"https:\/\/rudolf.net.pl\/kat\/index.php?rest_route=\/wp\/v2\/pages\/456","targetHints":{"allow":["GET"]}}],"collection":[{"href":"https:\/\/rudolf.net.pl\/kat\/index.php?rest_route=\/wp\/v2\/pages"}],"about":[{"href":"https:\/\/rudolf.net.pl\/kat\/index.php?rest_route=\/wp\/v2\/types\/page"}],"author":[{"embeddable":true,"href":"https:\/\/rudolf.net.pl\/kat\/index.php?rest_route=\/wp\/v2\/users\/2"}],"replies":[{"embeddable":true,"href":"https:\/\/rudolf.net.pl\/kat\/index.php?rest_route=%2Fwp%2Fv2%2Fcomments&post=456"}],"version-history":[{"count":35,"href":"https:\/\/rudolf.net.pl\/kat\/index.php?rest_route=\/wp\/v2\/pages\/456\/revisions"}],"predecessor-version":[{"id":239287,"href":"https:\/\/rudolf.net.pl\/kat\/index.php?rest_route=\/wp\/v2\/pages\/456\/revisions\/239287"}],"up":[{"embeddable":true,"href":"https:\/\/rudolf.net.pl\/kat\/index.php?rest_route=\/wp\/v2\/pages\/460"}],"wp:attachment":[{"href":"https:\/\/rudolf.net.pl\/kat\/index.php?rest_route=%2Fwp%2Fv2%2Fmedia&parent=456"}],"curies":[{"name":"wp","href":"https:\/\/api.w.org\/{rel}","templated":true}]}}