{"id":454,"date":"2015-02-28T21:19:21","date_gmt":"2015-02-28T20:19:21","guid":{"rendered":"http:\/\/rudolf.net.pl\/kat\/?page_id=454"},"modified":"2015-03-16T15:51:25","modified_gmt":"2015-03-16T14:51:25","slug":"historia-klubu","status":"publish","type":"page","link":"https:\/\/rudolf.net.pl\/kat\/?page_id=454","title":{"rendered":"Historia Klubu"},"content":{"rendered":"<p><a href=\"https:\/\/rudolf.net.pl\/kat\/?page_id=4545\"><img loading=\"lazy\" decoding=\"async\" class=\"  alignright wp-image-4549\" src=\"https:\/\/rudolf.net.pl\/kat\/wp-content\/uploads\/2015\/03\/english_flag.jpg\" alt=\"english_flag\" width=\"50\" height=\"50\" srcset=\"https:\/\/rudolf.net.pl\/kat\/wp-content\/uploads\/2015\/03\/english_flag.jpg 400w, https:\/\/rudolf.net.pl\/kat\/wp-content\/uploads\/2015\/03\/english_flag-150x150.jpg 150w, https:\/\/rudolf.net.pl\/kat\/wp-content\/uploads\/2015\/03\/english_flag-300x300.jpg 300w\" sizes=\"auto, (max-width: 50px) 100vw, 50px\" \/><\/a><\/p>\n<p><strong>Powstanie klubu SP9KAT<br \/>\n<\/strong><\/p>\n<p><a href=\"https:\/\/rudolf.net.pl\/kat\/wp-content\/uploads\/2015\/03\/qsl_ua3kua_1.jpg\"><img loading=\"lazy\" decoding=\"async\" class=\"  wp-image-4557 alignleft\" src=\"https:\/\/rudolf.net.pl\/kat\/wp-content\/uploads\/2015\/03\/qsl_ua3kua_1.jpg\" alt=\"qsl_ua3kua_1\" width=\"200\" height=\"129\" \/><\/a>We wrze\u015bniu 1951 roku w sekcji \u0142\u0105czno\u015bci LP\u017b w Bielsku-Bia\u0142ej rozpocz\u0105\u0142 si\u0119 kurs elektrotechniki i telegrafii. Kierownikiem sekcji by\u0142 <strong>Leon Grabo\u0144 SP9ER<\/strong>, zaj\u0119cia z elektrotechniki prowadzi\u0142 <strong>Otokar Balcy<\/strong>, telegrafii uczy\u0142 <strong>Rudolf Tyra\u0142a SP9QN<\/strong>. Spo\u015br\u00f3d uczestnik\u00f3w tego kursu wywodz\u0105 si\u0119 pierwsi cz\u0142onkowie klubu: <strong>Rudek SP9QN<\/strong>, <strong>Franek SP9FV<\/strong>, <strong>Antoni SP9QZ<\/strong>, <strong>Dzidek SP9AQY<\/strong>.<br \/>\nZnak klubowy <strong>SP9KAT<\/strong> zosta\u0142 przyznany w listopadzie 1952 roku. Rudolf SP9QN by\u0142 motorem dzia\u0142alno\u015bci klubu i konstruktorem klubowych urz\u0105dze\u0144 nadawczo-odbiorczych. Wkr\u00f3tce po uzyskaniu znaku zosta\u0142 skonstruowany pierwszy klubowy nadajnik wykorzystuj\u0105cy w stopniu ko\u0144cowym lamp\u0119 GU-50. Umo\u017cliwia\u0142 prac\u0119 emisj\u0105 CW w pasmach 80m, 40m i 20m. <a href=\"https:\/\/rudolf.net.pl\/kat\/wp-content\/uploads\/2015\/03\/qsl_yu3ajk_1.jpg\"><img loading=\"lazy\" decoding=\"async\" class=\"  wp-image-4559 alignright\" src=\"https:\/\/rudolf.net.pl\/kat\/wp-content\/uploads\/2015\/03\/qsl_yu3ajk_1.jpg\" alt=\"qsl_yu3ajk_1\" width=\"201\" height=\"130\" \/><\/a>W p\u00f3\u017aniejszym okresie zosta\u0142 dobudowany stopie\u0144 modulatora co dawa\u0142o mo\u017cliwo\u015b\u0107 pracy emisj\u0105 AM. Klubowym odbiornikiem by\u0142 Lambda II. W 1953 roku zosta\u0142y przeprowadzone pierwsze \u0142\u0105czno\u015bci na stacji klubowej SP9KAT. Jedn\u0105 z ciekawszych \u0142\u0105czno\u015bci z tamtego okresu by\u0142o QSO z Puerto Rico w pa\u015bmie 3,5 MHz. \u0141\u0105czno\u015b\u0107 ta by\u0142a opisana w lokalnym tygodniku <a href=\"https:\/\/rudolf.net.pl\/kat\/wp-content\/uploads\/2015\/03\/qsl_ua3kua_2.jpg\"><img loading=\"lazy\" decoding=\"async\" class=\"  wp-image-4558 alignleft\" src=\"https:\/\/rudolf.net.pl\/kat\/wp-content\/uploads\/2015\/03\/qsl_ua3kua_2.jpg\" alt=\"qsl_ua3kua_2\" width=\"201\" height=\"128\" \/><\/a>Kronika Bielska. Poni\u017cej przyk\u0142ady kart QSL z tamtego okresu.<br \/>\nW 1954 roku cz\u0142onkowie klubu skonstruowali sprz\u0119t umo\u017cliwiaj\u0105cy prac\u0119 w pa\u015bmie 144 MHz. Nadajnik zbudowano na lampie LD1. Odbiornik by\u0142 typu 1-V-1. Od tego momentu klub SP9KAT bra\u0142 czynny udzia\u0142 w zawodach UKF Polny Dzie\u0144, pracuj\u0105c ze szczyt\u00f3w pobliskich g\u00f3r. Mi\u0119dzy innymi by\u0142y zorganizowane wyprawy na Hrobacz\u0105 \u0141\u0105k\u0119 i Wielk\u0105 Racz\u0119.<\/p>\n<div id=\"gallery-1\" class=\"gallery galleryid-2 gallery-columns-2 gallery-size-thumbnail\">\u00a0\u00a0 <a href=\"https:\/\/rudolf.net.pl\/kat\/wp-content\/uploads\/2015\/03\/qsl_sp9fv_2.jpg\"><img loading=\"lazy\" decoding=\"async\" class=\"alignnone  wp-image-4556\" src=\"https:\/\/rudolf.net.pl\/kat\/wp-content\/uploads\/2015\/03\/qsl_sp9fv_2.jpg\" alt=\"qsl_sp9fv_2\" width=\"251\" height=\"148\" srcset=\"https:\/\/rudolf.net.pl\/kat\/wp-content\/uploads\/2015\/03\/qsl_sp9fv_2.jpg 632w, https:\/\/rudolf.net.pl\/kat\/wp-content\/uploads\/2015\/03\/qsl_sp9fv_2-300x177.jpg 300w, https:\/\/rudolf.net.pl\/kat\/wp-content\/uploads\/2015\/03\/qsl_sp9fv_2-500x295.jpg 500w\" sizes=\"auto, (max-width: 251px) 100vw, 251px\" \/><\/a> <a href=\"https:\/\/rudolf.net.pl\/kat\/wp-content\/uploads\/2015\/03\/qsl_sp9fv_1.jpg\"><img loading=\"lazy\" decoding=\"async\" class=\"alignnone  wp-image-4555\" src=\"https:\/\/rudolf.net.pl\/kat\/wp-content\/uploads\/2015\/03\/qsl_sp9fv_1.jpg\" alt=\"qsl_sp9fv_1\" width=\"250\" height=\"147\" srcset=\"https:\/\/rudolf.net.pl\/kat\/wp-content\/uploads\/2015\/03\/qsl_sp9fv_1.jpg 632w, https:\/\/rudolf.net.pl\/kat\/wp-content\/uploads\/2015\/03\/qsl_sp9fv_1-300x176.jpg 300w, https:\/\/rudolf.net.pl\/kat\/wp-content\/uploads\/2015\/03\/qsl_sp9fv_1-500x294.jpg 500w\" sizes=\"auto, (max-width: 250px) 100vw, 250px\" \/><\/a><\/div>\n","protected":false},"excerpt":{"rendered":"<p>Powstanie klubu SP9KAT We wrze\u015bniu 1951 roku w sekcji \u0142\u0105czno\u015bci LP\u017b w Bielsku-Bia\u0142ej rozpocz\u0105\u0142 si\u0119 kurs elektrotechniki i telegrafii. Kierownikiem sekcji by\u0142 Leon Grabo\u0144 SP9ER, zaj\u0119cia z elektrotechniki prowadzi\u0142 Otokar Balcy, telegrafii uczy\u0142 Rudolf Tyra\u0142a SP9QN. Spo\u015br\u00f3d uczestnik\u00f3w tego kursu &hellip; <a href=\"https:\/\/rudolf.net.pl\/kat\/?page_id=454\">Czytaj dalej <span class=\"meta-nav\">&rarr;<\/span><\/a><\/p>\n","protected":false},"author":2,"featured_media":0,"parent":460,"menu_order":0,"comment_status":"open","ping_status":"closed","template":"","meta":{"ngg_post_thumbnail":0,"_mc_calendar":[],"footnotes":""},"class_list":["post-454","page","type-page","status-publish","hentry"],"_links":{"self":[{"href":"https:\/\/rudolf.net.pl\/kat\/index.php?rest_route=\/wp\/v2\/pages\/454","targetHints":{"allow":["GET"]}}],"collection":[{"href":"https:\/\/rudolf.net.pl\/kat\/index.php?rest_route=\/wp\/v2\/pages"}],"about":[{"href":"https:\/\/rudolf.net.pl\/kat\/index.php?rest_route=\/wp\/v2\/types\/page"}],"author":[{"embeddable":true,"href":"https:\/\/rudolf.net.pl\/kat\/index.php?rest_route=\/wp\/v2\/users\/2"}],"replies":[{"embeddable":true,"href":"https:\/\/rudolf.net.pl\/kat\/index.php?rest_route=%2Fwp%2Fv2%2Fcomments&post=454"}],"version-history":[{"count":4,"href":"https:\/\/rudolf.net.pl\/kat\/index.php?rest_route=\/wp\/v2\/pages\/454\/revisions"}],"predecessor-version":[{"id":4568,"href":"https:\/\/rudolf.net.pl\/kat\/index.php?rest_route=\/wp\/v2\/pages\/454\/revisions\/4568"}],"up":[{"embeddable":true,"href":"https:\/\/rudolf.net.pl\/kat\/index.php?rest_route=\/wp\/v2\/pages\/460"}],"wp:attachment":[{"href":"https:\/\/rudolf.net.pl\/kat\/index.php?rest_route=%2Fwp%2Fv2%2Fmedia&parent=454"}],"curies":[{"name":"wp","href":"https:\/\/api.w.org\/{rel}","templated":true}]}}