{"id":12591,"date":"2015-04-29T10:02:44","date_gmt":"2015-04-29T08:02:44","guid":{"rendered":"http:\/\/rudolf.net.pl\/kat\/?page_id=12591"},"modified":"2015-04-29T10:02:44","modified_gmt":"2015-04-29T08:02:44","slug":"wymiana-swiadectwa","status":"publish","type":"page","link":"https:\/\/rudolf.net.pl\/kat\/?page_id=12591","title":{"rendered":"Wymiana \u015bwiadectwa"},"content":{"rendered":"<p>Przychodzi taki moment, zazwyczaj co dziesi\u0119\u0107 lat, kiedy to ko\u0144czy si\u0119 okres wa\u017cno\u015bci pozwolenia radiowego i nale\u017cy go przed\u0142u\u017cy\u0107. Jako, \u017ce ca\u0142a operacja jest do\u015b\u0107 z\u0142o\u017cona przestawiamy kroki, kt\u00f3re nale\u017cy podj\u0105\u0107:<\/p>\n<p>1. Nale\u017cy zwr\u00f3ci\u0107 si\u0119 do delegatury UKE , w\u0142a\u015bciwej dla miejsca zamieszkania ( <a href=\"https:\/\/www.uke.gov.pl\/delegatury-uke-1064\">adresy i telefony do delegatur UKE na stronie<\/a> ) z wnioskiem\u00a0 o nazwie RA-I-W1 , kt\u00f3ry znajdziesz klikaj\u0105c <a href=\"https:\/\/www.uke.gov.pl\/files\/?id_plik=19293\">na ten link<\/a><\/p>\n<p>2. Nast\u0119pnie wp\u0142aci\u0107 \u2026<br \/>\nZgodnie z art. 6 ust 1, pkt 3\u00a0 Ustawy o op\u0142acie skarbowej z dnia 16 listopada 2006 r. ( Dz. U.\u00a0 Nr 225, poz. 1635) z chwil\u0105 z\u0142o\u017cenia wniosku o wydanie pozwolenia radiowego powstaje obowi\u0105zek zap\u0142aty op\u0142aty skarbowej okre\u015blonej w za\u0142\u0105czniku do ustawy (cz. III poz. 44), w wysoko\u015bci: <strong>82 z\u0142otych<\/strong>.<br \/>\nOp\u0142at\u0119 skarbow\u0105 wp\u0142aca wnioskodawca:<br \/>\nbezgot\u00f3wkowo na konto:<\/p>\n<p style=\"text-align: center;\">Urz\u0105d Miasta Sto\u0142ecznego Warszawy Dzielnicy Wola<br \/>\nBank Handlowy w Warszawie S.A.<br \/>\n54 1030 1508 0000 0005 5003 6045<\/p>\n<p style=\"text-align: center;\">Tytu\u0142em wp\u0142aty :Wydanie pozwolenia radiowego\u00a0 dla Imi\u0119 nazwisko, znak<\/p>\n<p>3. Wydrukowane potwierdzenie przelewu oraz wype\u0142niony wniosek wys\u0142a\u0107 na adres delegatury listem poleconym i czeka\u0107&#8230;<\/p>\n<p>Sprawa jest prosta je\u017celi otrzyma\u0142e\u015b \u015bwiadectwo radiooperatora\u00a0 (pierwszy papierek po egzaminie ) po 02 wrze\u015bnia 2005 roku. Je\u017celi wcze\u015bniej\u00a0 to musisz wymieni\u0107 jeszcze \u015bwiadectwo !<\/p>\n<p>Co wtedy robi\u0107 ?<\/p>\n<p>Zgodnie z tre\u015bci\u0105 rozporz\u0105dzenia w sprawie \u015bwiadectw, \u015bwiadectwa zachowuj\u0105 wa\u017cno\u015b\u0107 przez okres, na jaki zosta\u0142y wydane, lecz nie ka\u017cde z nich uprawnia do wyst\u0105pienia o pozwolenie radiowe w s\u0142u\u017cbie amatorskiej. Do wnioskowania o wydanie pozwolenia radiowego uprawnia posiadanie \u015bwiadectwa operatora urz\u0105dze\u0144 radiowych w s\u0142u\u017cbie radiokomunikacyjnej amatorskiej, kt\u00f3re zosta\u0142o uzyskane po 2 wrze\u015bnia 2005 r.!!!<\/p>\n<p>Aby wymieni\u0107 \u015bwiadectwo lub wyst\u0105pi\u0107 o duplikat nale\u017cy:<\/p>\n<p>1. Wype\u0142ni\u0107 formularz o nazwie SRA\u00a0 , kt\u00f3ry znajdziesz <a href=\"https:\/\/www.uke.gov.pl\/files\/?id_plik=18836\">na stronie UKE<\/a><\/p>\n<p>2. Dokona\u0107 wp\u0142aty.<br \/>\nWysoko\u015b\u0107 op\u0142aty za wydanie duplikatu \u015bwiadectwa wynosi 15 z\u0142, tyle samo za wymian\u0119 \u015bwiadectwa<br \/>\nWp\u0142aty dokonujemy na konto:<\/p>\n<p style=\"text-align: center;\">Urz\u0105d Komunikacji Elektronicznej<br \/>\nul. Kasprzaka 18\/20 01-211 Warszawa<br \/>\nNBP O\/O Warszawa<br \/>\n75 1010 1010 0060 4422 3100 0000<br \/>\nObowi\u0105zkowo nale\u017cy poda\u0107 tytu\u0142 wp\u0142aty: za wydanie \u015bwiadectwa\u00a0 Imi\u0119, Nazwisko<\/p>\n<p style=\"text-align: left;\">Wype\u0142niony formularz wraz z dowodem wp\u0142aty wys\u0142a\u0107 listem poleconym\u00a0 na w\/w adres i czeka\u0107\u00a0 oko\u0142o 5-6 tygodni\u2026<\/p>\n<p style=\"text-align: left;\">Autor: Radek SP9JXE<\/p>\n","protected":false},"excerpt":{"rendered":"<p>Przychodzi taki moment, zazwyczaj co dziesi\u0119\u0107 lat, kiedy to ko\u0144czy si\u0119 okres wa\u017cno\u015bci pozwolenia radiowego i nale\u017cy go przed\u0142u\u017cy\u0107. Jako, \u017ce ca\u0142a operacja jest do\u015b\u0107 z\u0142o\u017cona przestawiamy kroki, kt\u00f3re nale\u017cy podj\u0105\u0107: 1. Nale\u017cy zwr\u00f3ci\u0107 si\u0119 do delegatury UKE , w\u0142a\u015bciwej &hellip; <a href=\"https:\/\/rudolf.net.pl\/kat\/?page_id=12591\">Czytaj dalej <span class=\"meta-nav\">&rarr;<\/span><\/a><\/p>\n","protected":false},"author":2,"featured_media":0,"parent":0,"menu_order":0,"comment_status":"open","ping_status":"open","template":"","meta":{"ngg_post_thumbnail":0,"_mc_calendar":[],"footnotes":""},"class_list":["post-12591","page","type-page","status-publish","hentry"],"_links":{"self":[{"href":"https:\/\/rudolf.net.pl\/kat\/index.php?rest_route=\/wp\/v2\/pages\/12591","targetHints":{"allow":["GET"]}}],"collection":[{"href":"https:\/\/rudolf.net.pl\/kat\/index.php?rest_route=\/wp\/v2\/pages"}],"about":[{"href":"https:\/\/rudolf.net.pl\/kat\/index.php?rest_route=\/wp\/v2\/types\/page"}],"author":[{"embeddable":true,"href":"https:\/\/rudolf.net.pl\/kat\/index.php?rest_route=\/wp\/v2\/users\/2"}],"replies":[{"embeddable":true,"href":"https:\/\/rudolf.net.pl\/kat\/index.php?rest_route=%2Fwp%2Fv2%2Fcomments&post=12591"}],"version-history":[{"count":1,"href":"https:\/\/rudolf.net.pl\/kat\/index.php?rest_route=\/wp\/v2\/pages\/12591\/revisions"}],"predecessor-version":[{"id":12592,"href":"https:\/\/rudolf.net.pl\/kat\/index.php?rest_route=\/wp\/v2\/pages\/12591\/revisions\/12592"}],"wp:attachment":[{"href":"https:\/\/rudolf.net.pl\/kat\/index.php?rest_route=%2Fwp%2Fv2%2Fmedia&parent=12591"}],"curies":[{"name":"wp","href":"https:\/\/api.w.org\/{rel}","templated":true}]}}